{"id":379,"date":"2017-06-20T16:37:58","date_gmt":"2017-06-20T14:37:58","guid":{"rendered":"http:\/\/localhost\/fttlc\/?page_id=379"},"modified":"2020-05-22T02:50:25","modified_gmt":"2020-05-22T00:50:25","slug":"connettivita-internet-webmail","status":"publish","type":"page","link":"https:\/\/tlc.futuretouch.it\/?page_id=379","title":{"rendered":"Connettivit\u00e0 Internet in Fibra"},"content":{"rendered":"<p><!--more--><\/p>\n<h4>Future Touch, il partner da scegliere per le diverse soluzioni di Connettivit\u00e0 INTERNET<\/h4>\n<p>La Future Touch mette a disposizione dei propri clienti una ampia gamma di soluzioni di connettivit\u00e0 con tecnologia FTTx (fibra ottica) oppure xDSL\u00a0(HDSL, SHDSL, ADSL)<\/p>\n<p>In elenco i prodotti di connettivit\u00e0:<\/p>\n<p>o\u00a0\u00a0 \u00a0Fibra Dedicata<br \/>\no\u00a0\u00a0 \u00a0Fibra Condivisa<br \/>\no\u00a0\u00a0 \u00a0Soluzioni xDSL ( HDSL-SHDSL)<br \/>\no\u00a0\u00a0 \u00a0Connettivit\u00e0 ADSL<br \/>\no\u00a0\u00a0 \u00a0Wireless &#8211; Satellitare<\/p>\n<p><strong>Fibra dedicata<\/strong><br \/>\nAlle aziende che vogliono di pi\u00f9, offriamo la Fibra dedicata, ossia un collegamento riservato in banda larga con tecnologia Ethernet che garantisce:<br \/>\n\u2022\u00a0\u00a0 \u00a0Velocit\u00e0 fino a 1Gbps<br \/>\n\u2022\u00a0\u00a0 \u00a0Garanzia di performance e di banda<br \/>\n\u2022\u00a0\u00a0 \u00a0Massima stabilit\u00e0<br \/>\n\u2022\u00a0\u00a0 \u00a0Disponibilit\u00e0 di copertura del territorio nazionale e internazionale<\/p>\n<p>Inoltre sviluppa e realizza progetti ad hoc anche per le imprese con sede in luoghi con difficolt\u00e0 di collegamento (previa verifica di fattibilit\u00e0).<\/p>\n<p><strong>Fibra condivisa<\/strong><br \/>\nLe connettivit\u00e0 FTTx sono linee dati basate su tecnologia in fibra ottica in modalit\u00e0 banda condivisa e forniscono elevati standard in termini di velocit\u00e0 sia in download che in upload, offrendo caratteristiche di stabilit\u00e0 proprie di una struttura di rete nuova e tecnologicamente avanzata. Le linee dati FTTx, in base alla copertura territoriale, possono essere basate sulla modalit\u00e0:<br \/>\n\u2022\u00a0\u00a0 \u00a0FTTH, Fiber To The Home: la rete in fibra ottica arriva direttamente all\u2019utente finale. Pu\u00f2 raggiungere i 100 mega al secondo, sia in download sia in upload;<br \/>\n\u2022\u00a0\u00a0 \u00a0FTTcab: Fiber To The Cabinet: la fibra arriva all\u2019armadio di distribuzione, da cui parte il doppino di rame che collega il cliente. La velocit\u00e0 massima \u00e8 di 50 Mpbs in download e di 10 Mpbs in upload.<\/p>\n<p><strong>Soluzioni xDSL<\/strong><br \/>\nLe offerte di connettivit\u00e0 simmetrica e asimmetrica pensate per essere sempre connessi ai massimi standard qualitativi.<\/p>\n<p><strong>Soluzioni HDSL e SHDSL<\/strong><br \/>\nPer le aziende che privilegiano prestazioni superiori in termini traffico dati in upload ed esigono maggiore stabilit\u00e0 della connessione, oltre che tempi di latenza pi\u00f9 ridotti possibile. Le configurazioni sono varie secondo il tipo di cavo adottato e l\u2019opzione tra banda dedicata e banda condivisa. Le offerte sono disponibili in banda dedicata (ETH e ATM) e banda condivisa (ATM).<\/p>\n<p><strong>Connettivit\u00e0 ADSL<\/strong><br \/>\nLe linee ADSL sono indicate per quei clienti che gestiscono elevati volumi di traffico prevalentemente in download.\u00a0 Sono previsti diversi profili di accesso in banda condivisa, attivabili sia su rete Ethernet sia su rete ATM ed \u00e8 possibile selezionare la banda minima garantita che meglio si adatta alle esigenze di ogni specifico cliente.\u00a0 L\u2019offerta ADSL comprende sia opzioni in BANDA CONDIVISA che in BANDA DEDICATA.<br \/>\n\u2022\u00a0\u00a0 \u00a0Nel caso di banda condivisa, la velocit\u00e0 massima raggiungibile in download varia tra 20 mega e 1,28 mega;<br \/>\n\u2022\u00a0\u00a0 \u00a0Nel caso di banda dedicata, la banda minima garantita \u00e8 di 512 Kbps, mentre quella massima raggiungibile \u00e8 di 2 mega.<\/p>\n<p><strong>Soluzione di Backup LTE<\/strong><br \/>\nLa soluzione di emergenza su rete LTE 4G in caso di caduta della linea principale Fibra.<br \/>\n\u2022\u00a0\u00a0\u00a0 Con il Backup LTE la trasmissione dei dati avviene su rete mobile invece che via terra, oltrepassando eventuali situazioni di criticit\u00e0 delle reti Fibra e Rame Valido solo per Linee dati Future Touch<br \/>\n\u2022\u00a0 Clonazione dell&#8217;IP della rete principa\u00f2e mantenendo la continuit\u00f2 dei servizi VoIP e VPN in modalit\u00e0 business continuity<\/p>\n<p style=\"text-align: center;\">Vedi Brochure del nuovo Servizio 2020<\/p>\n<p style=\"text-align: center;\"><a href=\"https:\/\/tlc.futuretouch.it\/wp-content\/uploads\/2020\/05\/Scheda-Prodotto-SIM_BACKUP-LTE_118.05.2020.pdf\">Scheda Prodotto SIM_BACKUP LTE_118.05.2020<\/a><\/p>\n<p><a href=\"https:\/\/tlc.futuretouch.it\/?page_id=372\">Contattaci<\/a><\/p>\n","protected":false},"excerpt":{"rendered":"","protected":false},"author":1,"featured_media":433,"parent":0,"menu_order":0,"comment_status":"closed","ping_status":"closed","template":"","meta":{"footnotes":""},"class_list":["post-379","page","type-page","status-publish","has-post-thumbnail","hentry"],"_links":{"self":[{"href":"https:\/\/tlc.futuretouch.it\/index.php?rest_route=\/wp\/v2\/pages\/379","targetHints":{"allow":["GET"]}}],"collection":[{"href":"https:\/\/tlc.futuretouch.it\/index.php?rest_route=\/wp\/v2\/pages"}],"about":[{"href":"https:\/\/tlc.futuretouch.it\/index.php?rest_route=\/wp\/v2\/types\/page"}],"author":[{"embeddable":true,"href":"https:\/\/tlc.futuretouch.it\/index.php?rest_route=\/wp\/v2\/users\/1"}],"replies":[{"embeddable":true,"href":"https:\/\/tlc.futuretouch.it\/index.php?rest_route=%2Fwp%2Fv2%2Fcomments&post=379"}],"version-history":[{"count":16,"href":"https:\/\/tlc.futuretouch.it\/index.php?rest_route=\/wp\/v2\/pages\/379\/revisions"}],"predecessor-version":[{"id":579,"href":"https:\/\/tlc.futuretouch.it\/index.php?rest_route=\/wp\/v2\/pages\/379\/revisions\/579"}],"wp:featuredmedia":[{"embeddable":true,"href":"https:\/\/tlc.futuretouch.it\/index.php?rest_route=\/wp\/v2\/media\/433"}],"wp:attachment":[{"href":"https:\/\/tlc.futuretouch.it\/index.php?rest_route=%2Fwp%2Fv2%2Fmedia&parent=379"}],"curies":[{"name":"wp","href":"https:\/\/api.w.org\/{rel}","templated":true}]}}