{"id":383,"date":"2017-06-20T16:38:23","date_gmt":"2017-06-20T14:38:23","guid":{"rendered":"http:\/\/localhost\/fttlc\/?page_id=383"},"modified":"2017-06-21T10:14:38","modified_gmt":"2017-06-21T08:14:38","slug":"storaging-cloud","status":"publish","type":"page","link":"https:\/\/tlc.futuretouch.it\/?page_id=383","title":{"rendered":"Web&#038;Mail &#8211; Storaging Cloud"},"content":{"rendered":"<p><!--more--><\/p>\n<p><strong>BACKUP DI QUALSIASI TIPO DI DATO, OVUNQUE E IN QUALSIASI MOMENTO<br \/>\n<\/strong><br \/>\nIl Servizio Cloud Backup \u00e8 la soluzione ideale per la gestione e il mantenimento in piena sicurezza dei dati, in quanto permette al Cliente di impostare il salvataggio automatico della sua infrastruttura virtuale o fisica. I dati vengono custoditi nei Data Center FUTURE TOUCH\u00a0 al fine di garantirne la conservazione di fronte a qualsiasi evenienza.<\/p>\n<p>&nbsp;<\/p>\n<p><strong>SOLUZIONI ZIMBRA WEBMAIL HOSTING<\/strong><\/p>\n<p><img loading=\"lazy\" decoding=\"async\" src=\"https:\/\/www.ilger.com\/images\/Zimbra-Collaboration-Overview-any-device.jpg\" alt=\"Zimbra Collaboration Overview any device\" width=\"940\" height=\"508\" \/><\/p>\n<p>La soluzione <strong>Zimbra Collaboration Server<\/strong> \u00e8 basata su una moderna e flessibile infrastruttura appositamente disegnata per la virtualizzazione ed infrastrutture incloud. La tecnologia Zimbra Collaboration Server provvede ad abbassare\u00a0sostanzialmente il TCO (Total Cost of Owneship) rispetto a soluzioni tradizionali.<\/p>\n<table border=\"0\" cellspacing=\"0\" cellpadding=\"0\">\n<tbody>\n<tr>\n<td valign=\"top\">\n<h2>Cos&#8217;\u00e8 Zimbra Collaboration?<\/h2>\n<p>Zimbra Collaboration \u00e8 una soluzione open source di messaggistica e collaborazione, utilizzata in pi\u00f9 di 150 Paesi da oltre 5.000 fra aziende e clienti del settore pubblico e 800 milioni di utenti finali. Zimbra offre funzionalit\u00e0 complete per e-mail, rubrica, calendario, condivisione di file e creazione di attivit\u00e0. Oltre che dal client Web dedicato, la soluzione \u00e8 accessibile tramite Microsoft Outlook, Mozilla Thunderbird e altri client basati su standard diversi e da dispositivi mobili. \u00c8 possibile distribuire Zimbra come un file di installazione binario tradizionale su Linux o tramite uno dei numerosi fornitori di hosting dedicati.<\/p>\n<p>Zimbra \u00e8 leader nel settore del software di posta elettronica e collaborazione open source di nuova generazione.<br \/>\nZimbra semplifica le attivit\u00e0 IT e definisce lo standard per la collaborazione basata sul web e il cloud grazie a un&#8217;esperienza utente innovativa ed espandibile che si avvale anche di un&#8217;interfaccia web AJAX ricca di funzionalit\u00e0.<\/p>\n<p>L&#8217;amministrazione semplificata, la mobilit\u00e0 avanzata le opzioni di implementazione on-site o su cloud hanno reso Zimbra la piattaforma di collaborazione preferita da aziende, provider di servizi, organizzazioni governative e istituti di istruzione. Con oltre 800 milioni di caselle di posta a pagamento in tutto il mondo, Zimbra \u00e8 considerato il provider di posta elettronica maggiore per dimensione e per crescita.<\/td>\n<td valign=\"top\"><\/td>\n<td valign=\"top\">\n<h2>Vantaggi principali<\/h2>\n<table border=\"0\" cellspacing=\"2\" cellpadding=\"2\">\n<tbody>\n<tr>\n<td align=\"center\"><img loading=\"lazy\" decoding=\"async\" src=\"https:\/\/www.ilger.com\/images\/ICONE-MENU\/ICONE-1.png\" width=\"25\" height=\"16\" \/><\/td>\n<td>E\u2019 il sistema pi\u00f9 moderno, innovativo ed open source di messaggistica e collaborazione con funzionalit\u00e0 complete per e-mail, rubrica, calendario, chat, condivisione di file e creazione di attivit\u00e0.<\/td>\n<\/tr>\n<tr>\n<td align=\"center\"><img loading=\"lazy\" decoding=\"async\" src=\"https:\/\/www.ilger.com\/images\/ICONE-MENU\/ICONE-2.png\" width=\"24\" height=\"21\" \/><\/td>\n<td>Zimbra aumenta la soddisfazione del cliente finale e riduce i costi dovuti ad assistenza e formazione grazie a un&#8217;esperienza utente intuitiva e coerente su tutte le principali piattaforme, sia online tramite un browser Web sia offline tramite client desktop.<\/td>\n<\/tr>\n<tr>\n<td align=\"center\"><img loading=\"lazy\" decoding=\"async\" src=\"https:\/\/www.ilger.com\/images\/ICONE-MENU\/ICONE-3.png\" width=\"13\" height=\"22\" \/><\/td>\n<td>Supporto per dispositivi mobili (tablet e smartphone).<\/td>\n<\/tr>\n<tr>\n<td align=\"center\"><img loading=\"lazy\" decoding=\"async\" src=\"https:\/\/www.ilger.com\/images\/ICONE-MENU\/ICONE-4.png\" width=\"19\" height=\"23\" \/><\/td>\n<td>Possibilit\u00e0 di impostare policy di sicurezza mobile, inclusi cancellazione dei dati, PIN e funzionalit\u00e0 di gestione del dispositivo sugli account utente.<\/td>\n<\/tr>\n<tr>\n<td align=\"center\"><img loading=\"lazy\" decoding=\"async\" src=\"https:\/\/www.ilger.com\/images\/ICONE-MENU\/ICONE-5.png\" width=\"22\" height=\"23\" \/><\/td>\n<td>Backup a caldo con possibilit\u00e0 di ripristino in modo retroattivo della casella di posta in tempo reale; gestione gerarchica dello Storage nativo.<\/td>\n<\/tr>\n<tr>\n<td align=\"center\"><img loading=\"lazy\" decoding=\"async\" src=\"https:\/\/www.ilger.com\/images\/ICONE-MENU\/ICONE-6.png\" width=\"22\" height=\"21\" \/><\/td>\n<td>Basato sui principali componenti open source quali OpenLDAP, Jetty, MySQL, NGINX, Postfix e Apache Lucene; eseguibile su Red Hat Enterprise, Ubuntu e altre distribuzioni Linux.<\/td>\n<\/tr>\n<\/tbody>\n<\/table>\n<\/td>\n<\/tr>\n<\/tbody>\n<\/table>\n<h2><\/h2>\n<table border=\"0\" cellspacing=\"4\" cellpadding=\"4\" align=\"center\">\n<tbody>\n<tr>\n<td valign=\"top\">\n<h2>Le tue email sempre con te<\/h2>\n<p>Efficiente organizzazione della posta, \u00e8 possibile archiviare messaggi clusterizzandoli per utenti, gruppi, data e validit\u00e0. Archiviazione automatica della posta elettronica.<\/td>\n<td valign=\"top\">\n<h2>Protezione da Spam e Virus<\/h2>\n<p>Alto livello di sicurezza, con gli strumenti integrati in Zimbra Hosting elimini i pericoli dei virus e prendi il controllo dello spam.<br \/>\nTrattandosi di una piattaforma online e all&#8217;insegna della tecnologia cloud, ospitate in un ambiente superprotetto<\/td>\n<td valign=\"top\">\n<h2>iPhone e Smartphone<\/h2>\n<p>Sincronizza il tuo iPhone, Android, WinPhone e Blackberry in modo bidirezionale per mantenere sincronizzati i tuoi contatti, calendari e la tua casella di posta.<\/td>\n<td valign=\"top\">\n<h2>Condividi Rubriche e Calendari<\/h2>\n<p>Email, Calendario, Documenti, Files ed Instant Messanging sono integrati tutti in un&#8217;unica piattaforma e possono essere condivisi con il tuo team di lavoro.<\/td>\n<\/tr>\n<tr>\n<td valign=\"top\">\n<h2>Ottimizzazione delle prestazioni<\/h2>\n<p>Grazie alla sua architettura distribuita, Zimbra consente di scegliere il supporto fisico di archiviazione del messaggio, destinando ad esempio, i messaggi pi\u00f9 recenti a dischi pi\u00f9 veloci.<\/td>\n<td valign=\"top\">\n<h2>BackUp e Restored a caldo<\/h2>\n<p>Possibilit\u00e0 di salvare e recuperare i messaggi senza sospendere la continuit\u00e0 del servizio, in modo retroattivo indicando la data hh:mm in cui si vuole effettuare il ripristino.<\/td>\n<td valign=\"top\">\n<h2>Standard di sicurezza<\/h2>\n<p>Integrazione con sistemi Web-Based, grazie alle Zimlet, applicazioni native di Zimbra, \u00e8 possibile interagire con qualsiasi sistema informativo web-based.<\/td>\n<td valign=\"top\">\n<h2>Assistenza tecnica 24\/7<\/h2>\n<p>Supporto ed assistenza tecnica 24 ore su 24 e 7 giorni su 7 direttamente dal Personale Tecnico di Future Touch<\/td>\n<\/tr>\n<\/tbody>\n<\/table>\n","protected":false},"excerpt":{"rendered":"","protected":false},"author":1,"featured_media":434,"parent":0,"menu_order":0,"comment_status":"closed","ping_status":"closed","template":"","meta":{"footnotes":""},"class_list":["post-383","page","type-page","status-publish","has-post-thumbnail","hentry"],"_links":{"self":[{"href":"https:\/\/tlc.futuretouch.it\/index.php?rest_route=\/wp\/v2\/pages\/383","targetHints":{"allow":["GET"]}}],"collection":[{"href":"https:\/\/tlc.futuretouch.it\/index.php?rest_route=\/wp\/v2\/pages"}],"about":[{"href":"https:\/\/tlc.futuretouch.it\/index.php?rest_route=\/wp\/v2\/types\/page"}],"author":[{"embeddable":true,"href":"https:\/\/tlc.futuretouch.it\/index.php?rest_route=\/wp\/v2\/users\/1"}],"replies":[{"embeddable":true,"href":"https:\/\/tlc.futuretouch.it\/index.php?rest_route=%2Fwp%2Fv2%2Fcomments&post=383"}],"version-history":[{"count":8,"href":"https:\/\/tlc.futuretouch.it\/index.php?rest_route=\/wp\/v2\/pages\/383\/revisions"}],"predecessor-version":[{"id":420,"href":"https:\/\/tlc.futuretouch.it\/index.php?rest_route=\/wp\/v2\/pages\/383\/revisions\/420"}],"wp:featuredmedia":[{"embeddable":true,"href":"https:\/\/tlc.futuretouch.it\/index.php?rest_route=\/wp\/v2\/media\/434"}],"wp:attachment":[{"href":"https:\/\/tlc.futuretouch.it\/index.php?rest_route=%2Fwp%2Fv2%2Fmedia&parent=383"}],"curies":[{"name":"wp","href":"https:\/\/api.w.org\/{rel}","templated":true}]}}